{"id":1761,"date":"2024-11-24T16:42:18","date_gmt":"2024-11-24T16:42:18","guid":{"rendered":"https:\/\/dermivy.com\/dermivy\/?post_type=product&#038;p=1761"},"modified":"2025-08-11T14:10:42","modified_gmt":"2025-08-11T14:10:42","slug":"ultra-protection-tinted-mineral-sunscreen-spf30","status":"publish","type":"product","link":"https:\/\/dermivy.com\/de\/produkt\/ultra-protection-tinted-mineral-sunscreen-spf30\/","title":{"rendered":"DERMIVY Ultra Protection get\u00f6nter mineralischer Sonnenschutz LSF 30"},"content":{"rendered":"<div data-elementor-type=\"wp-post\" data-elementor-id=\"1761\" class=\"elementor elementor-1761\">\n\t\t\t\t\t\t<section class=\"elementor-section elementor-top-section elementor-element elementor-element-cce77b0 elementor-section-full_width elementor-section-height-default elementor-section-height-default\" data-id=\"cce77b0\" data-element_type=\"section\" data-settings=\"{&quot;wdt_bg_image&quot;:{&quot;url&quot;:&quot;&quot;,&quot;id&quot;:&quot;&quot;,&quot;size&quot;:&quot;&quot;},&quot;wdt_bg_image_laptop&quot;:{&quot;url&quot;:&quot;&quot;,&quot;id&quot;:&quot;&quot;,&quot;size&quot;:&quot;&quot;},&quot;wdt_bg_image_tablet_extra&quot;:{&quot;url&quot;:&quot;&quot;,&quot;id&quot;:&quot;&quot;,&quot;size&quot;:&quot;&quot;},&quot;wdt_bg_image_tablet&quot;:{&quot;url&quot;:&quot;&quot;,&quot;id&quot;:&quot;&quot;,&quot;size&quot;:&quot;&quot;},&quot;wdt_bg_image_mobile_extra&quot;:{&quot;url&quot;:&quot;&quot;,&quot;id&quot;:&quot;&quot;,&quot;size&quot;:&quot;&quot;},&quot;wdt_bg_image_mobile&quot;:{&quot;url&quot;:&quot;&quot;,&quot;id&quot;:&quot;&quot;,&quot;size&quot;:&quot;&quot;},&quot;wdt_bg_position&quot;:&quot;center center&quot;,&quot;wdt_animation_effect&quot;:&quot;none&quot;}\">\n\t\t\t\t\t\t<div class=\"elementor-container elementor-column-gap-no\">\n\t\t\t\t\t<div class=\"elementor-column elementor-col-100 elementor-top-column elementor-element elementor-element-344c89f\" data-id=\"344c89f\" data-element_type=\"column\">\n\t\t\t<div class=\"elementor-widget-wrap elementor-element-populated\">\n\t\t\t\t\t\t<section class=\"elementor-section elementor-inner-section elementor-element elementor-element-8d26d35 elementor-section-boxed elementor-section-height-default elementor-section-height-default\" data-id=\"8d26d35\" data-element_type=\"section\" data-settings=\"{&quot;wdt_bg_image&quot;:{&quot;url&quot;:&quot;&quot;,&quot;id&quot;:&quot;&quot;,&quot;size&quot;:&quot;&quot;},&quot;wdt_bg_image_laptop&quot;:{&quot;url&quot;:&quot;&quot;,&quot;id&quot;:&quot;&quot;,&quot;size&quot;:&quot;&quot;},&quot;wdt_bg_image_tablet_extra&quot;:{&quot;url&quot;:&quot;&quot;,&quot;id&quot;:&quot;&quot;,&quot;size&quot;:&quot;&quot;},&quot;wdt_bg_image_tablet&quot;:{&quot;url&quot;:&quot;&quot;,&quot;id&quot;:&quot;&quot;,&quot;size&quot;:&quot;&quot;},&quot;wdt_bg_image_mobile_extra&quot;:{&quot;url&quot;:&quot;&quot;,&quot;id&quot;:&quot;&quot;,&quot;size&quot;:&quot;&quot;},&quot;wdt_bg_image_mobile&quot;:{&quot;url&quot;:&quot;&quot;,&quot;id&quot;:&quot;&quot;,&quot;size&quot;:&quot;&quot;},&quot;wdt_bg_position&quot;:&quot;center center&quot;,&quot;wdt_animation_effect&quot;:&quot;none&quot;}\">\n\t\t\t\t\t\t<div class=\"elementor-container elementor-column-gap-default\">\n\t\t\t\t\t<div class=\"wdt-sticky-column elementor-column elementor-col-50 elementor-inner-column elementor-element elementor-element-1bf7a51\" data-wdt-settings=\"{&quot;id&quot;:&quot;1bf7a51&quot;,&quot;sticky&quot;:true,&quot;topSpacing&quot;:50,&quot;bottomSpacing&quot;:50,&quot;stickyOn&quot;:[&quot;desktop&quot;,&quot;laptop&quot;,&quot;tablet_extra&quot;],&quot;overflowHidden&quot;:false}\" data-id=\"1bf7a51\" data-element_type=\"column\">\n\t\t\t<div class=\"elementor-widget-wrap elementor-element-populated\">\n\t\t\t\t\t\t<div class=\"elementor-element elementor-element-79916be wdt-custm-single-pro-caro elementor-widget elementor-widget-wdt-shop-product-single-images-carousel\" data-id=\"79916be\" data-element_type=\"widget\" data-settings=\"{&quot;carousel_slidesperview&quot;:&quot;1&quot;,&quot;carousel_slidesperview_laptop&quot;:&quot;1&quot;,&quot;carousel_slidesperview_tablet_extra&quot;:&quot;1&quot;,&quot;carousel_slidesperview_tablet&quot;:&quot;1&quot;,&quot;carousel_slidesperview_mobile_extra&quot;:&quot;1&quot;,&quot;carousel_slidesperview_mobile&quot;:1,&quot;wdt_animation_effect&quot;:&quot;none&quot;}\" data-widget_type=\"wdt-shop-product-single-images-carousel.default\">\n\t\t\t\t<div class=\"elementor-widget-container\">\n\t\t\t\t\tPlease provide product id to display corresponding data!\t\t\t\t<\/div>\n\t\t\t\t<\/div>\n\t\t\t\t\t<\/div>\n\t\t<\/div>\n\t\t\t\t<div class=\"elementor-column elementor-col-50 elementor-inner-column elementor-element elementor-element-4439eff wdt-cutom-summary-wrap\" data-id=\"4439eff\" data-element_type=\"column\">\n\t\t\t<div class=\"elementor-widget-wrap elementor-element-populated\">\n\t\t\t\t\t\t<div class=\"elementor-element elementor-element-a8a8bf1 wdt-custm-summary elementor-widget elementor-widget-wdt-shop-product-single-summary\" data-id=\"a8a8bf1\" data-element_type=\"widget\" data-settings=\"{&quot;wdt_animation_effect&quot;:&quot;none&quot;}\" data-widget_type=\"wdt-shop-product-single-summary.default\">\n\t\t\t\t<div class=\"elementor-widget-container\">\n\t\t\t\t\tPlease provide product id to display corresponding data!\t\t\t\t<\/div>\n\t\t\t\t<\/div>\n\t\t\t\t\t<\/div>\n\t\t<\/div>\n\t\t\t\t\t<\/div>\n\t\t<\/section>\n\t\t\t\t\t<\/div>\n\t\t<\/div>\n\t\t\t\t\t<\/div>\n\t\t<\/section>\n\t\t\t\t<section class=\"elementor-section elementor-top-section elementor-element elementor-element-b80c39f elementor-section-boxed elementor-section-height-default elementor-section-height-default\" data-id=\"b80c39f\" data-element_type=\"section\" data-settings=\"{&quot;wdt_bg_image&quot;:{&quot;url&quot;:&quot;&quot;,&quot;id&quot;:&quot;&quot;,&quot;size&quot;:&quot;&quot;},&quot;wdt_bg_image_laptop&quot;:{&quot;url&quot;:&quot;&quot;,&quot;id&quot;:&quot;&quot;,&quot;size&quot;:&quot;&quot;},&quot;wdt_bg_image_tablet_extra&quot;:{&quot;url&quot;:&quot;&quot;,&quot;id&quot;:&quot;&quot;,&quot;size&quot;:&quot;&quot;},&quot;wdt_bg_image_tablet&quot;:{&quot;url&quot;:&quot;&quot;,&quot;id&quot;:&quot;&quot;,&quot;size&quot;:&quot;&quot;},&quot;wdt_bg_image_mobile_extra&quot;:{&quot;url&quot;:&quot;&quot;,&quot;id&quot;:&quot;&quot;,&quot;size&quot;:&quot;&quot;},&quot;wdt_bg_image_mobile&quot;:{&quot;url&quot;:&quot;&quot;,&quot;id&quot;:&quot;&quot;,&quot;size&quot;:&quot;&quot;},&quot;wdt_bg_position&quot;:&quot;center center&quot;,&quot;wdt_animation_effect&quot;:&quot;none&quot;}\">\n\t\t\t\t\t\t<div class=\"elementor-container elementor-column-gap-default\">\n\t\t\t\t\t<div class=\"elementor-column elementor-col-100 elementor-top-column elementor-element elementor-element-ea7d175\" data-id=\"ea7d175\" data-element_type=\"column\">\n\t\t\t<div class=\"elementor-widget-wrap elementor-element-populated\">\n\t\t\t\t\t\t<div class=\"elementor-element elementor-element-70bf4ed elementor-tabs-view-horizontal elementor-widget elementor-widget-tabs\" data-id=\"70bf4ed\" data-element_type=\"widget\" data-settings=\"{&quot;wdt_animation_effect&quot;:&quot;none&quot;}\" data-widget_type=\"tabs.default\">\n\t\t\t\t<div class=\"elementor-widget-container\">\n\t\t\t\t\t\t\t<div class=\"elementor-tabs\">\n\t\t\t<div class=\"elementor-tabs-wrapper\" role=\"tablist\" >\n\t\t\t\t\t\t\t\t\t<div id=\"elementor-tab-title-1181\" class=\"elementor-tab-title elementor-tab-desktop-title\" aria-selected=\"true\" data-tab=\"1\" role=\"tab\" tabindex=\"0\" aria-controls=\"elementor-tab-content-1181\" aria-expanded=\"false\">Beschreibung<\/div>\n\t\t\t\t\t\t\t\t\t<div id=\"elementor-tab-title-1182\" class=\"elementor-tab-title elementor-tab-desktop-title\" aria-selected=\"false\" data-tab=\"2\" role=\"tab\" tabindex=\"-1\" aria-controls=\"elementor-tab-content-1182\" aria-expanded=\"false\">Zus\u00e4tzliche Tipps<\/div>\n\t\t\t\t\t\t\t\t\t<div id=\"elementor-tab-title-1183\" class=\"elementor-tab-title elementor-tab-desktop-title\" aria-selected=\"false\" data-tab=\"3\" role=\"tab\" tabindex=\"-1\" aria-controls=\"elementor-tab-content-1183\" aria-expanded=\"false\">Warum Sonnenschutz von Dermive?<\/div>\n\t\t\t\t\t\t\t<\/div>\n\t\t\t<div class=\"elementor-tabs-content-wrapper\" role=\"tablist\" aria-orientation=\"vertical\">\n\t\t\t\t\t\t\t\t\t<div class=\"elementor-tab-title elementor-tab-mobile-title\" aria-selected=\"true\" data-tab=\"1\" role=\"tab\" tabindex=\"0\" aria-controls=\"elementor-tab-content-1181\" aria-expanded=\"false\">Beschreibung<\/div>\n\t\t\t\t\t<div id=\"elementor-tab-content-1181\" class=\"elementor-tab-content elementor-clearfix\" data-tab=\"1\" role=\"tabpanel\" aria-labelledby=\"elementor-tab-title-1181\" tabindex=\"0\" hidden=\"false\"><h3>Die Wahl des richtigen Sonnenschutzmittels<\/h3><ol><li><strong> Breitband-Schutz: <\/strong>Entscheiden Sie sich f\u00fcr Sonnenschutzmittel mit Breitbandschutz, die sowohl vor UVA- als auch vor UVB-Strahlen sch\u00fctzen. Dermivy Broad Spectrum SPF 30 ist ideal f\u00fcr die t\u00e4gliche Anwendung.<\/li><li><strong> SPF-Level: <\/strong>W\u00e4hlen Sie einen Lichtschutzfaktor (LSF), der Ihrem Hauttyp und Ihrer t\u00e4glichen Sonneneinstrahlung entspricht. F\u00fcr die t\u00e4gliche Anwendung wird im Allgemeinen LSF 30 empfohlen, w\u00e4hrend LSF 50 einen h\u00f6heren Schutz bei l\u00e4ngeren Aktivit\u00e4ten im Freien bietet.<\/li><li><strong> Wasserbest\u00e4ndigkeit: <\/strong>Wenn Sie schwimmen oder schwitzen, w\u00e4hlen Sie ein wasserfestes Sonnenschutzmittel, um eine anhaltende Wirksamkeit zu gew\u00e4hrleisten.<\/li><\/ol><h3>Sonnenschutz richtig auftragen<\/h3><ol><li><strong> Menge: <\/strong>Verwenden Sie ausreichend Sonnenschutzmittel, um alle freiliegenden Hautpartien abzudecken. Tragen Sie f\u00fcr Gesicht und Hals mindestens eine nickelgro\u00dfe Menge (ca. 1\/4 Teel\u00f6ffel) auf.<\/li><li><strong> Timing: <\/strong>Tragen Sie Sonnenschutzmittel mindestens 20 Minuten vor dem Sonnenbaden auf, damit es vollst\u00e4ndig in die Haut einziehen und eine Schutzbarriere bilden kann.<\/li><li><strong> Erneute Bewerbung: <\/strong>Tragen Sie Sonnenschutzmittel alle 2 Stunden oder unmittelbar nach dem Schwimmen, starkem Schwitzen oder Abtrocknen erneut auf. Selbst wasserfeste Sonnenschutzmittel k\u00f6nnen mit der Zeit ihre Wirksamkeit verlieren.<\/li><\/ol><p><iframe title=\"Beispiel f\u00fcr einen Werbespot zu Hautpflegeprodukten\" width=\"1230\" height=\"692\" src=\"https:\/\/www.youtube.com\/embed\/otej7WLdPh0?feature=oembed\" frameborder=\"0\" allow=\"accelerometer; autoplay; clipboard-write; encrypted-media; gyroscope; picture-in-picture; web-share\" referrerpolicy=\"strict-origin-when-cross-origin\" allowfullscreen><\/iframe><\/p><\/div>\n\t\t\t\t\t\t\t\t\t<div class=\"elementor-tab-title elementor-tab-mobile-title\" aria-selected=\"false\" data-tab=\"2\" role=\"tab\" tabindex=\"-1\" aria-controls=\"elementor-tab-content-1182\" aria-expanded=\"false\">Zus\u00e4tzliche Tipps<\/div>\n\t\t\t\t\t<div id=\"elementor-tab-content-1182\" class=\"elementor-tab-content elementor-clearfix\" data-tab=\"2\" role=\"tabpanel\" aria-labelledby=\"elementor-tab-title-1182\" tabindex=\"0\" hidden=\"hidden\"><ol><li><strong> T\u00e4glicher Gebrauch: <\/strong>Integrieren Sie Sonnenschutz in Ihre t\u00e4gliche Hautpflege, unabh\u00e4ngig von Wetter und Jahreszeit. UV-Strahlen k\u00f6nnen Wolken und Fenster durchdringen, daher ist Schutz das ganze Jahr \u00fcber wichtig.<\/li><li><strong> Schichtung: <\/strong>Tragen Sie Sonnenschutzmittel als letzten Schritt Ihrer Hautpflegeroutine auf, nach der Feuchtigkeitscreme, aber vor dem Make-up (falls vorhanden). Dies gew\u00e4hrleistet optimalen Schutz, ohne die Wirksamkeit anderer Hautpflegeprodukte zu beeintr\u00e4chtigen.<\/li><li><strong> Empfindliche Haut: <\/strong>Wenn Sie empfindliche oder zu Akne neigende Haut haben, w\u00e4hlen Sie Sonnenschutzmittel mit der Kennzeichnung \u201enicht komedogen\u201c und \u201eparf\u00fcmfrei\u201c, um das Risiko einer Reizung zu minimieren.<\/li><li><strong> Sonnenschutz: <\/strong>Sonnenschutz ist zwar unerl\u00e4sslich, es ist jedoch auch wichtig, andere sonnensch\u00fctzende Verhaltensweisen zu praktizieren, z. B. w\u00e4hrend der st\u00e4rksten Sonnenstunden (10 bis 16 Uhr) den Schatten aufzusuchen und sch\u00fctzende Kleidung, H\u00fcte und Sonnenbrillen zu tragen.<\/li><\/ol><\/div>\n\t\t\t\t\t\t\t\t\t<div class=\"elementor-tab-title elementor-tab-mobile-title\" aria-selected=\"false\" data-tab=\"3\" role=\"tab\" tabindex=\"-1\" aria-controls=\"elementor-tab-content-1183\" aria-expanded=\"false\">Warum Sonnenschutz von Dermive?<\/div>\n\t\t\t\t\t<div id=\"elementor-tab-content-1183\" class=\"elementor-tab-content elementor-clearfix\" data-tab=\"3\" role=\"tabpanel\" aria-labelledby=\"elementor-tab-title-1183\" tabindex=\"0\" hidden=\"hidden\"><p>Dermivy-Sonnenschutzmittel werden mit hochwertigen Inhaltsstoffen hergestellt, um wirksamen Schutz zu bieten und gleichzeitig sanft zur Haut zu sein. Sie sind daf\u00fcr konzipiert:<\/p><p>&#8211;<strong> Sch\u00fctzen: <\/strong>Sch\u00fctzen Sie Ihre Haut vor sch\u00e4dlichen UV-Strahlen, die vorzeitige Hautalterung, Sonnenbrand und Hautkrebs verursachen.<\/p><p>&#8211;<strong> N\u00e4hren: <\/strong>Einige Formeln, wie beispielsweise unser Broad Spectrum SPF 50, enthalten auch Feuchtigkeitsmittel, die Ihre Haut mit Feuchtigkeit versorgen und ihr ein angenehmes Gef\u00fchl geben.<\/p><p>&#8211;<strong> Eignung: <\/strong>Unsere Sonnenschutzmittel sind f\u00fcr verschiedene Hauttypen, einschlie\u00dflich empfindlicher Haut, geeignet, dermatologisch getestet und frei von \u00fcblichen Reizstoffen.<\/p><p>\u00a0<\/p><p>Wenn Sie diese Richtlinien befolgen und Dermivy-Sonnenschutzmittel in Ihre t\u00e4gliche Routine integrieren, k\u00f6nnen Sie die Natur genie\u00dfen und gleichzeitig Ihre Haut gesund und gesch\u00fctzt halten.<\/p><\/div>\n\t\t\t\t\t\t\t<\/div>\n\t\t<\/div>\n\t\t\t\t\t\t<\/div>\n\t\t\t\t<\/div>\n\t\t\t\t\t<\/div>\n\t\t<\/div>\n\t\t\t\t\t<\/div>\n\t\t<\/section>\n\t\t\t\t<section class=\"elementor-section elementor-top-section elementor-element elementor-element-d7dd06d elementor-section-boxed elementor-section-height-default elementor-section-height-default\" data-id=\"d7dd06d\" data-element_type=\"section\" data-settings=\"{&quot;wdt_bg_image&quot;:{&quot;url&quot;:&quot;&quot;,&quot;id&quot;:&quot;&quot;,&quot;size&quot;:&quot;&quot;},&quot;wdt_bg_image_laptop&quot;:{&quot;url&quot;:&quot;&quot;,&quot;id&quot;:&quot;&quot;,&quot;size&quot;:&quot;&quot;},&quot;wdt_bg_image_tablet_extra&quot;:{&quot;url&quot;:&quot;&quot;,&quot;id&quot;:&quot;&quot;,&quot;size&quot;:&quot;&quot;},&quot;wdt_bg_image_tablet&quot;:{&quot;url&quot;:&quot;&quot;,&quot;id&quot;:&quot;&quot;,&quot;size&quot;:&quot;&quot;},&quot;wdt_bg_image_mobile_extra&quot;:{&quot;url&quot;:&quot;&quot;,&quot;id&quot;:&quot;&quot;,&quot;size&quot;:&quot;&quot;},&quot;wdt_bg_image_mobile&quot;:{&quot;url&quot;:&quot;&quot;,&quot;id&quot;:&quot;&quot;,&quot;size&quot;:&quot;&quot;},&quot;wdt_bg_position&quot;:&quot;center center&quot;,&quot;wdt_animation_effect&quot;:&quot;none&quot;}\">\n\t\t\t\t\t\t<div class=\"elementor-container elementor-column-gap-default\">\n\t\t\t\t\t<div class=\"elementor-column elementor-col-100 elementor-top-column elementor-element elementor-element-2d0b737\" data-id=\"2d0b737\" data-element_type=\"column\">\n\t\t\t<div class=\"elementor-widget-wrap elementor-element-populated\">\n\t\t\t\t\t\t<div class=\"elementor-element elementor-element-3ae682e elementor-widget elementor-widget-wdt-shop-related-products\" data-id=\"3ae682e\" data-element_type=\"widget\" data-settings=\"{&quot;wdt_animation_effect&quot;:&quot;none&quot;}\" data-widget_type=\"wdt-shop-related-products.default\">\n\t\t\t\t<div class=\"elementor-widget-container\">\n\t\t\t\t\tPlease provide product id to display corresponding data!\t\t\t\t<\/div>\n\t\t\t\t<\/div>\n\t\t\t\t\t<\/div>\n\t\t<\/div>\n\t\t\t\t\t<\/div>\n\t\t<\/section>\n\t\t\t\t<\/div>","protected":false},"excerpt":{"rendered":"<p><strong>Hautpflegetipps f\u00fcr Sonnenschutzmittel von Dermivy<\/strong><\/p>\n<p>Wir bei Dermivy wissen, wie wichtig Sonnenschutz f\u00fcr eine gesunde, strahlende Haut ist. Hier sind einige wichtige Tipps und Ratschl\u00e4ge f\u00fcr die effektive Verwendung unserer Sonnenschutzmittel:<\/p>\n<p>&nbsp;<\/p>","protected":false},"featured_media":1781,"comment_status":"closed","ping_status":"closed","template":"elementor_header_footer","meta":[],"product_brand":[],"product_cat":[74],"product_tag":[48,50,46,47,78,77],"class_list":{"0":"post-1761","1":"product","2":"type-product","3":"status-publish","4":"has-post-thumbnail","6":"product_cat-sun-protection","7":"product_tag-body-cream","8":"product_tag-body-scrub","9":"product_tag-face-pack","10":"product_tag-innovative-lotion","11":"product_tag-skincare","12":"product_tag-sun-protection","15":"instock","16":"shipping-taxable","17":"product-type-simple","18":"product-grid-view"},"_links":{"self":[{"href":"https:\/\/dermivy.com\/de\/wp-json\/wp\/v2\/product\/1761","targetHints":{"allow":["GET"]}}],"collection":[{"href":"https:\/\/dermivy.com\/de\/wp-json\/wp\/v2\/product"}],"about":[{"href":"https:\/\/dermivy.com\/de\/wp-json\/wp\/v2\/types\/product"}],"replies":[{"embeddable":true,"href":"https:\/\/dermivy.com\/de\/wp-json\/wp\/v2\/comments?post=1761"}],"version-history":[{"count":1,"href":"https:\/\/dermivy.com\/de\/wp-json\/wp\/v2\/product\/1761\/revisions"}],"predecessor-version":[{"id":1762,"href":"https:\/\/dermivy.com\/de\/wp-json\/wp\/v2\/product\/1761\/revisions\/1762"}],"wp:featuredmedia":[{"embeddable":true,"href":"https:\/\/dermivy.com\/de\/wp-json\/wp\/v2\/media\/1781"}],"wp:attachment":[{"href":"https:\/\/dermivy.com\/de\/wp-json\/wp\/v2\/media?parent=1761"}],"wp:term":[{"taxonomy":"product_brand","embeddable":true,"href":"https:\/\/dermivy.com\/de\/wp-json\/wp\/v2\/product_brand?post=1761"},{"taxonomy":"product_cat","embeddable":true,"href":"https:\/\/dermivy.com\/de\/wp-json\/wp\/v2\/product_cat?post=1761"},{"taxonomy":"product_tag","embeddable":true,"href":"https:\/\/dermivy.com\/de\/wp-json\/wp\/v2\/product_tag?post=1761"}],"curies":[{"name":"wp","href":"https:\/\/api.w.org\/{rel}","templated":true}]}}