{"id":1763,"date":"2024-11-24T16:44:34","date_gmt":"2024-11-24T16:44:34","guid":{"rendered":"https:\/\/dermivy.com\/dermivy\/?post_type=product&#038;p=1763"},"modified":"2025-08-11T14:07:11","modified_gmt":"2025-08-11T14:07:11","slug":"cleanser","status":"publish","type":"product","link":"https:\/\/dermivy.com\/de\/produkt\/cleanser\/","title":{"rendered":"Reinigungsmittel"},"content":{"rendered":"<div data-elementor-type=\"wp-post\" data-elementor-id=\"1763\" class=\"elementor elementor-1763\">\n\t\t\t\t\t\t<section class=\"elementor-section elementor-top-section elementor-element elementor-element-cce77b0 elementor-section-full_width elementor-section-height-default elementor-section-height-default\" data-id=\"cce77b0\" data-element_type=\"section\" data-settings=\"{&quot;wdt_bg_image&quot;:{&quot;url&quot;:&quot;&quot;,&quot;id&quot;:&quot;&quot;,&quot;size&quot;:&quot;&quot;},&quot;wdt_bg_image_laptop&quot;:{&quot;url&quot;:&quot;&quot;,&quot;id&quot;:&quot;&quot;,&quot;size&quot;:&quot;&quot;},&quot;wdt_bg_image_tablet_extra&quot;:{&quot;url&quot;:&quot;&quot;,&quot;id&quot;:&quot;&quot;,&quot;size&quot;:&quot;&quot;},&quot;wdt_bg_image_tablet&quot;:{&quot;url&quot;:&quot;&quot;,&quot;id&quot;:&quot;&quot;,&quot;size&quot;:&quot;&quot;},&quot;wdt_bg_image_mobile_extra&quot;:{&quot;url&quot;:&quot;&quot;,&quot;id&quot;:&quot;&quot;,&quot;size&quot;:&quot;&quot;},&quot;wdt_bg_image_mobile&quot;:{&quot;url&quot;:&quot;&quot;,&quot;id&quot;:&quot;&quot;,&quot;size&quot;:&quot;&quot;},&quot;wdt_bg_position&quot;:&quot;center center&quot;,&quot;wdt_animation_effect&quot;:&quot;none&quot;}\">\n\t\t\t\t\t\t<div class=\"elementor-container elementor-column-gap-no\">\n\t\t\t\t\t<div class=\"elementor-column elementor-col-100 elementor-top-column elementor-element elementor-element-344c89f\" data-id=\"344c89f\" data-element_type=\"column\">\n\t\t\t<div class=\"elementor-widget-wrap elementor-element-populated\">\n\t\t\t\t\t\t<section class=\"elementor-section elementor-inner-section elementor-element elementor-element-8d26d35 elementor-section-boxed elementor-section-height-default elementor-section-height-default\" data-id=\"8d26d35\" data-element_type=\"section\" data-settings=\"{&quot;wdt_bg_image&quot;:{&quot;url&quot;:&quot;&quot;,&quot;id&quot;:&quot;&quot;,&quot;size&quot;:&quot;&quot;},&quot;wdt_bg_image_laptop&quot;:{&quot;url&quot;:&quot;&quot;,&quot;id&quot;:&quot;&quot;,&quot;size&quot;:&quot;&quot;},&quot;wdt_bg_image_tablet_extra&quot;:{&quot;url&quot;:&quot;&quot;,&quot;id&quot;:&quot;&quot;,&quot;size&quot;:&quot;&quot;},&quot;wdt_bg_image_tablet&quot;:{&quot;url&quot;:&quot;&quot;,&quot;id&quot;:&quot;&quot;,&quot;size&quot;:&quot;&quot;},&quot;wdt_bg_image_mobile_extra&quot;:{&quot;url&quot;:&quot;&quot;,&quot;id&quot;:&quot;&quot;,&quot;size&quot;:&quot;&quot;},&quot;wdt_bg_image_mobile&quot;:{&quot;url&quot;:&quot;&quot;,&quot;id&quot;:&quot;&quot;,&quot;size&quot;:&quot;&quot;},&quot;wdt_bg_position&quot;:&quot;center center&quot;,&quot;wdt_animation_effect&quot;:&quot;none&quot;}\">\n\t\t\t\t\t\t<div class=\"elementor-container elementor-column-gap-default\">\n\t\t\t\t\t<div class=\"wdt-sticky-column elementor-column elementor-col-50 elementor-inner-column elementor-element elementor-element-1bf7a51\" data-wdt-settings=\"{&quot;id&quot;:&quot;1bf7a51&quot;,&quot;sticky&quot;:true,&quot;topSpacing&quot;:50,&quot;bottomSpacing&quot;:50,&quot;stickyOn&quot;:[&quot;desktop&quot;,&quot;laptop&quot;,&quot;tablet_extra&quot;],&quot;overflowHidden&quot;:false}\" data-id=\"1bf7a51\" data-element_type=\"column\">\n\t\t\t<div class=\"elementor-widget-wrap elementor-element-populated\">\n\t\t\t\t\t\t<div class=\"elementor-element elementor-element-79916be wdt-custm-single-pro-caro elementor-widget elementor-widget-wdt-shop-product-single-images-carousel\" data-id=\"79916be\" data-element_type=\"widget\" data-settings=\"{&quot;carousel_slidesperview&quot;:&quot;1&quot;,&quot;carousel_slidesperview_laptop&quot;:&quot;1&quot;,&quot;carousel_slidesperview_tablet_extra&quot;:&quot;1&quot;,&quot;carousel_slidesperview_tablet&quot;:&quot;1&quot;,&quot;carousel_slidesperview_mobile_extra&quot;:&quot;1&quot;,&quot;carousel_slidesperview_mobile&quot;:1,&quot;wdt_animation_effect&quot;:&quot;none&quot;}\" data-widget_type=\"wdt-shop-product-single-images-carousel.default\">\n\t\t\t\t<div class=\"elementor-widget-container\">\n\t\t\t\t\tPlease provide product id to display corresponding data!\t\t\t\t<\/div>\n\t\t\t\t<\/div>\n\t\t\t\t\t<\/div>\n\t\t<\/div>\n\t\t\t\t<div class=\"elementor-column elementor-col-50 elementor-inner-column elementor-element elementor-element-4439eff wdt-cutom-summary-wrap\" data-id=\"4439eff\" data-element_type=\"column\">\n\t\t\t<div class=\"elementor-widget-wrap elementor-element-populated\">\n\t\t\t\t\t\t<div class=\"elementor-element elementor-element-a8a8bf1 wdt-custm-summary elementor-widget elementor-widget-wdt-shop-product-single-summary\" data-id=\"a8a8bf1\" data-element_type=\"widget\" data-settings=\"{&quot;wdt_animation_effect&quot;:&quot;none&quot;}\" data-widget_type=\"wdt-shop-product-single-summary.default\">\n\t\t\t\t<div class=\"elementor-widget-container\">\n\t\t\t\t\tPlease provide product id to display corresponding data!\t\t\t\t<\/div>\n\t\t\t\t<\/div>\n\t\t\t\t\t<\/div>\n\t\t<\/div>\n\t\t\t\t\t<\/div>\n\t\t<\/section>\n\t\t\t\t\t<\/div>\n\t\t<\/div>\n\t\t\t\t\t<\/div>\n\t\t<\/section>\n\t\t\t\t<section class=\"elementor-section elementor-top-section elementor-element elementor-element-b80c39f elementor-section-boxed elementor-section-height-default elementor-section-height-default\" data-id=\"b80c39f\" data-element_type=\"section\" data-settings=\"{&quot;wdt_bg_image&quot;:{&quot;url&quot;:&quot;&quot;,&quot;id&quot;:&quot;&quot;,&quot;size&quot;:&quot;&quot;},&quot;wdt_bg_image_laptop&quot;:{&quot;url&quot;:&quot;&quot;,&quot;id&quot;:&quot;&quot;,&quot;size&quot;:&quot;&quot;},&quot;wdt_bg_image_tablet_extra&quot;:{&quot;url&quot;:&quot;&quot;,&quot;id&quot;:&quot;&quot;,&quot;size&quot;:&quot;&quot;},&quot;wdt_bg_image_tablet&quot;:{&quot;url&quot;:&quot;&quot;,&quot;id&quot;:&quot;&quot;,&quot;size&quot;:&quot;&quot;},&quot;wdt_bg_image_mobile_extra&quot;:{&quot;url&quot;:&quot;&quot;,&quot;id&quot;:&quot;&quot;,&quot;size&quot;:&quot;&quot;},&quot;wdt_bg_image_mobile&quot;:{&quot;url&quot;:&quot;&quot;,&quot;id&quot;:&quot;&quot;,&quot;size&quot;:&quot;&quot;},&quot;wdt_bg_position&quot;:&quot;center center&quot;,&quot;wdt_animation_effect&quot;:&quot;none&quot;}\">\n\t\t\t\t\t\t<div class=\"elementor-container elementor-column-gap-default\">\n\t\t\t\t\t<div class=\"elementor-column elementor-col-100 elementor-top-column elementor-element elementor-element-ea7d175\" data-id=\"ea7d175\" data-element_type=\"column\">\n\t\t\t<div class=\"elementor-widget-wrap elementor-element-populated\">\n\t\t\t\t\t\t<div class=\"elementor-element elementor-element-70bf4ed elementor-tabs-view-horizontal elementor-widget elementor-widget-tabs\" data-id=\"70bf4ed\" data-element_type=\"widget\" data-settings=\"{&quot;wdt_animation_effect&quot;:&quot;none&quot;}\" data-widget_type=\"tabs.default\">\n\t\t\t\t<div class=\"elementor-widget-container\">\n\t\t\t\t\t\t\t<div class=\"elementor-tabs\">\n\t\t\t<div class=\"elementor-tabs-wrapper\" role=\"tablist\" >\n\t\t\t\t\t\t\t\t\t<div id=\"elementor-tab-title-1181\" class=\"elementor-tab-title elementor-tab-desktop-title\" aria-selected=\"true\" data-tab=\"1\" role=\"tab\" tabindex=\"0\" aria-controls=\"elementor-tab-content-1181\" aria-expanded=\"false\">Beschreibung<\/div>\n\t\t\t\t\t\t\t\t\t<div id=\"elementor-tab-title-1182\" class=\"elementor-tab-title elementor-tab-desktop-title\" aria-selected=\"false\" data-tab=\"2\" role=\"tab\" tabindex=\"-1\" aria-controls=\"elementor-tab-content-1182\" aria-expanded=\"false\">Zus\u00e4tzliche Tipps<\/div>\n\t\t\t\t\t\t\t\t\t<div id=\"elementor-tab-title-1183\" class=\"elementor-tab-title elementor-tab-desktop-title\" aria-selected=\"false\" data-tab=\"3\" role=\"tab\" tabindex=\"-1\" aria-controls=\"elementor-tab-content-1183\" aria-expanded=\"false\">Warum Dermivy-Reinigungsmittel?<\/div>\n\t\t\t\t\t\t\t\t\t<div id=\"elementor-tab-title-1184\" class=\"elementor-tab-title elementor-tab-desktop-title\" aria-selected=\"false\" data-tab=\"4\" role=\"tab\" tabindex=\"-1\" aria-controls=\"elementor-tab-content-1184\" aria-expanded=\"false\">Reinigungsmittel<\/div>\n\t\t\t\t\t\t\t<\/div>\n\t\t\t<div class=\"elementor-tabs-content-wrapper\" role=\"tablist\" aria-orientation=\"vertical\">\n\t\t\t\t\t\t\t\t\t<div class=\"elementor-tab-title elementor-tab-mobile-title\" aria-selected=\"true\" data-tab=\"1\" role=\"tab\" tabindex=\"0\" aria-controls=\"elementor-tab-content-1181\" aria-expanded=\"false\">Beschreibung<\/div>\n\t\t\t\t\t<div id=\"elementor-tab-content-1181\" class=\"elementor-tab-content elementor-clearfix\" data-tab=\"1\" role=\"tabpanel\" aria-labelledby=\"elementor-tab-title-1181\" tabindex=\"0\" hidden=\"false\"><h3>Auswahl des richtigen Reinigungsmittels<\/h3><ol><li><strong> Hauttyp: <\/strong>Select a cleanser that matches your skin type:<\/li><\/ol><p>&#8211;<strong> Trockene oder empfindliche Haut: <\/strong>W\u00e4hlen Sie ein feuchtigkeitsspendendes oder cremiges Reinigungsmittel wie Dermivy Gentle Foaming Cleanser, um die Feuchtigkeit zu bewahren.<\/p><p>&#8211;<strong> Fettige oder zu Akne neigende Haut: <\/strong>Entscheiden Sie sich f\u00fcr ein sch\u00e4umendes oder gelbasiertes Reinigungsmittel wie das Dermivy Deep Cleansing Gel, um \u00fcbersch\u00fcssiges \u00d6l zu kontrollieren.<\/p><ol start=\"2\"><li><strong> Zutaten: <\/strong>Suchen Sie nach Reinigungsmitteln mit sanften, nicht reizenden Inhaltsstoffen. Vermeiden Sie aggressive Sulfate oder Alkohol, die die Haut austrocknen und Trockenheit oder Reizungen verursachen k\u00f6nnen.<\/li><\/ol><\/div>\n\t\t\t\t\t\t\t\t\t<div class=\"elementor-tab-title elementor-tab-mobile-title\" aria-selected=\"false\" data-tab=\"2\" role=\"tab\" tabindex=\"-1\" aria-controls=\"elementor-tab-content-1182\" aria-expanded=\"false\">Zus\u00e4tzliche Tipps<\/div>\n\t\t\t\t\t<div id=\"elementor-tab-content-1182\" class=\"elementor-tab-content elementor-clearfix\" data-tab=\"2\" role=\"tabpanel\" aria-labelledby=\"elementor-tab-title-1182\" tabindex=\"0\" hidden=\"hidden\"><h3>T\u00e4gliche Reinigungsroutine<\/h3><ol><li><strong> Morgenreinigung: <\/strong>Waschen Sie Ihr Gesicht mit einem sanften Reinigungsmittel wie Dermivy Gentle Foaming Cleanser, um Schwei\u00df, \u00d6lablagerungen und \u00fcber Nacht angesammelte Verunreinigungen zu entfernen.<\/li><\/ol><p>\u00a0\u00a0 &#8211;<strong> Anwendung: <\/strong>Befeuchten Sie Ihr Gesicht mit lauwarmem Wasser. Tragen Sie eine kleine Menge Reinigungsmittel auf und massieren Sie es sanft mit kreisenden Bewegungen ein. Gr\u00fcndlich absp\u00fclen und mit einem sauberen Handtuch trockentupfen.<\/p><p>\u00a0<\/p><ol start=\"2\"><li><strong> Abendreinigung: <\/strong>Reinigen Sie Ihre Haut bei Bedarf doppelt, insbesondere wenn Sie Make-up oder Sonnenschutz tragen. Beginnen Sie mit einem \u00f6lbasierten Reinigungsmittel (wie Dermivy Deep Cleansing Oil), um Make-up und Sonnenschutz zu entfernen, und verwenden Sie anschlie\u00dfend Ihr normales Reinigungsmittel, um die Haut zu reinigen.<\/li><\/ol><p>\u00a0\u00a0 &#8211;<strong> So f\u00fchren Sie eine doppelte Reinigung durch: <\/strong>Tragen Sie das Reinigungs\u00f6l auf die trockene Haut auf und massieren Sie es sanft ein, um Make-up und Unreinheiten zu entfernen. Mit Wasser aufemulgieren und absp\u00fclen. Verwenden Sie anschlie\u00dfend das von Ihnen gew\u00e4hlte Reinigungsmittel, um alle verbleibenden R\u00fcckst\u00e4nde zu entfernen.<\/p><\/div>\n\t\t\t\t\t\t\t\t\t<div class=\"elementor-tab-title elementor-tab-mobile-title\" aria-selected=\"false\" data-tab=\"3\" role=\"tab\" tabindex=\"-1\" aria-controls=\"elementor-tab-content-1183\" aria-expanded=\"false\">Warum Dermivy-Reinigungsmittel?<\/div>\n\t\t\t\t\t<div id=\"elementor-tab-content-1183\" class=\"elementor-tab-content elementor-clearfix\" data-tab=\"3\" role=\"tabpanel\" aria-labelledby=\"elementor-tab-title-1183\" tabindex=\"0\" hidden=\"hidden\"><p>Die Reinigungsmittel von Dermivy sind so formuliert, dass sie Ihre Haut effektiv reinigen und gleichzeitig ihr nat\u00fcrliches Gleichgewicht bewahren:<\/p><p>\u00a0<\/p><p>&#8211;<strong> Sanfte Formulierungen: <\/strong>Unsere Reinigungsmittel sind sanft und dennoch wirksam und f\u00fcr verschiedene Hauttypen, einschlie\u00dflich empfindlicher Haut, geeignet.<\/p><p>\u00a0<\/p><p>&#8211;<strong> Dermatologisch getestet: <\/strong>Alle Dermivy-Reinigungsmittel werden strengen Tests unterzogen, um sicherzustellen, dass sie unseren hohen Standards hinsichtlich Sicherheit und Wirksamkeit entsprechen.<\/p><p>\u00a0<\/p><p>&#8211;<strong> Feuchtigkeitsspendende Eigenschaften: <\/strong>Einige Formeln, wie beispielsweise Dermivy Gentle Foaming Cleanser, enthalten feuchtigkeitsspendende Inhaltsstoffe, die Ihre Haut mit Feuchtigkeit versorgen und ihr ein angenehmes Gef\u00fchl geben.<\/p><p>\u00a0<\/p><p>Wenn Sie diese Reinigungstipps befolgen und Dermivy-Reinigungsmittel in Ihre Hautpflegeroutine integrieren, erhalten Sie eine saubere, erfrischte Haut, die bereit ist, die Vorteile Ihrer anderen Hautpflegeprodukte aufzunehmen.<\/p><\/div>\n\t\t\t\t\t\t\t\t\t<div class=\"elementor-tab-title elementor-tab-mobile-title\" aria-selected=\"false\" data-tab=\"4\" role=\"tab\" tabindex=\"-1\" aria-controls=\"elementor-tab-content-1184\" aria-expanded=\"false\">Reinigungsmittel<\/div>\n\t\t\t\t\t<div id=\"elementor-tab-content-1184\" class=\"elementor-tab-content elementor-clearfix\" data-tab=\"4\" role=\"tabpanel\" aria-labelledby=\"elementor-tab-title-1184\" tabindex=\"0\" hidden=\"hidden\"><p>Sanfter Reinigungsschaum<\/p><\/div>\n\t\t\t\t\t\t\t<\/div>\n\t\t<\/div>\n\t\t\t\t\t\t<\/div>\n\t\t\t\t<\/div>\n\t\t\t\t\t<\/div>\n\t\t<\/div>\n\t\t\t\t\t<\/div>\n\t\t<\/section>\n\t\t\t\t<section class=\"elementor-section elementor-top-section elementor-element elementor-element-d7dd06d elementor-section-boxed elementor-section-height-default elementor-section-height-default\" data-id=\"d7dd06d\" data-element_type=\"section\" data-settings=\"{&quot;wdt_bg_image&quot;:{&quot;url&quot;:&quot;&quot;,&quot;id&quot;:&quot;&quot;,&quot;size&quot;:&quot;&quot;},&quot;wdt_bg_image_laptop&quot;:{&quot;url&quot;:&quot;&quot;,&quot;id&quot;:&quot;&quot;,&quot;size&quot;:&quot;&quot;},&quot;wdt_bg_image_tablet_extra&quot;:{&quot;url&quot;:&quot;&quot;,&quot;id&quot;:&quot;&quot;,&quot;size&quot;:&quot;&quot;},&quot;wdt_bg_image_tablet&quot;:{&quot;url&quot;:&quot;&quot;,&quot;id&quot;:&quot;&quot;,&quot;size&quot;:&quot;&quot;},&quot;wdt_bg_image_mobile_extra&quot;:{&quot;url&quot;:&quot;&quot;,&quot;id&quot;:&quot;&quot;,&quot;size&quot;:&quot;&quot;},&quot;wdt_bg_image_mobile&quot;:{&quot;url&quot;:&quot;&quot;,&quot;id&quot;:&quot;&quot;,&quot;size&quot;:&quot;&quot;},&quot;wdt_bg_position&quot;:&quot;center center&quot;,&quot;wdt_animation_effect&quot;:&quot;none&quot;}\">\n\t\t\t\t\t\t<div class=\"elementor-container elementor-column-gap-default\">\n\t\t\t\t\t<div class=\"elementor-column elementor-col-100 elementor-top-column elementor-element elementor-element-2d0b737\" data-id=\"2d0b737\" data-element_type=\"column\">\n\t\t\t<div class=\"elementor-widget-wrap elementor-element-populated\">\n\t\t\t\t\t\t<div class=\"elementor-element elementor-element-3ae682e elementor-widget elementor-widget-wdt-shop-related-products\" data-id=\"3ae682e\" data-element_type=\"widget\" data-settings=\"{&quot;wdt_animation_effect&quot;:&quot;none&quot;}\" data-widget_type=\"wdt-shop-related-products.default\">\n\t\t\t\t<div class=\"elementor-widget-container\">\n\t\t\t\t\tPlease provide product id to display corresponding data!\t\t\t\t<\/div>\n\t\t\t\t<\/div>\n\t\t\t\t\t<\/div>\n\t\t<\/div>\n\t\t\t\t\t<\/div>\n\t\t<\/section>\n\t\t\t\t<\/div>","protected":false},"excerpt":{"rendered":"<p><strong>Hautpflegetipps zur Reinigung<\/strong><\/p>\n<p>Die richtige Reinigung ist die Grundlage einer gesunden Hautpflege. Bei Dermivy legen wir Wert auf eine sanfte, aber wirksame Reinigung, um Unreinheiten zu entfernen, ohne die Haut zu strapazieren. Hier sind wichtige Tipps f\u00fcr eine saubere und strahlende Haut:<\/p>\n<p>&nbsp;<\/p>","protected":false},"featured_media":1600,"comment_status":"closed","ping_status":"closed","template":"elementor_header_footer","meta":[],"product_brand":[],"product_cat":[76],"product_tag":[48,50,46,47,78,77],"class_list":{"0":"post-1763","1":"product","2":"type-product","3":"status-publish","4":"has-post-thumbnail","6":"product_cat-cleansers","7":"product_tag-body-cream","8":"product_tag-body-scrub","9":"product_tag-face-pack","10":"product_tag-innovative-lotion","11":"product_tag-skincare","12":"product_tag-sun-protection","15":"instock","16":"shipping-taxable","17":"product-type-simple","18":"product-grid-view"},"_links":{"self":[{"href":"https:\/\/dermivy.com\/de\/wp-json\/wp\/v2\/product\/1763","targetHints":{"allow":["GET"]}}],"collection":[{"href":"https:\/\/dermivy.com\/de\/wp-json\/wp\/v2\/product"}],"about":[{"href":"https:\/\/dermivy.com\/de\/wp-json\/wp\/v2\/types\/product"}],"replies":[{"embeddable":true,"href":"https:\/\/dermivy.com\/de\/wp-json\/wp\/v2\/comments?post=1763"}],"version-history":[{"count":9,"href":"https:\/\/dermivy.com\/de\/wp-json\/wp\/v2\/product\/1763\/revisions"}],"predecessor-version":[{"id":1805,"href":"https:\/\/dermivy.com\/de\/wp-json\/wp\/v2\/product\/1763\/revisions\/1805"}],"wp:featuredmedia":[{"embeddable":true,"href":"https:\/\/dermivy.com\/de\/wp-json\/wp\/v2\/media\/1600"}],"wp:attachment":[{"href":"https:\/\/dermivy.com\/de\/wp-json\/wp\/v2\/media?parent=1763"}],"wp:term":[{"taxonomy":"product_brand","embeddable":true,"href":"https:\/\/dermivy.com\/de\/wp-json\/wp\/v2\/product_brand?post=1763"},{"taxonomy":"product_cat","embeddable":true,"href":"https:\/\/dermivy.com\/de\/wp-json\/wp\/v2\/product_cat?post=1763"},{"taxonomy":"product_tag","embeddable":true,"href":"https:\/\/dermivy.com\/de\/wp-json\/wp\/v2\/product_tag?post=1763"}],"curies":[{"name":"wp","href":"https:\/\/api.w.org\/{rel}","templated":true}]}}